{"id":269,"date":"2022-11-29T12:54:06","date_gmt":"2022-11-29T18:54:06","guid":{"rendered":"https:\/\/casaoaxacareforma.com\/?page_id=269"},"modified":"2022-11-29T12:59:36","modified_gmt":"2022-11-29T18:59:36","slug":"aviso-de-privacidad","status":"publish","type":"page","link":"https:\/\/casaoaxacareforma.com\/en\/aviso-de-privacidad\/","title":{"rendered":"Aviso de Privacidad"},"content":{"rendered":"<div data-elementor-type=\"wp-page\" data-elementor-id=\"269\" class=\"elementor elementor-269\" data-elementor-post-type=\"page\">\n\t\t\t\t\t\t<section class=\"elementor-section elementor-top-section elementor-element elementor-element-63a2a3f9 elementor-section-boxed elementor-section-height-default elementor-section-height-default\" data-id=\"63a2a3f9\" data-element_type=\"section\" data-e-type=\"section\" data-settings=\"{&quot;background_background&quot;:&quot;classic&quot;}\">\n\t\t\t\t\t\t<div class=\"elementor-container elementor-column-gap-default\">\n\t\t\t\t\t<div class=\"elementor-column elementor-col-100 elementor-top-column elementor-element elementor-element-193f3439\" data-id=\"193f3439\" data-element_type=\"column\" data-e-type=\"column\">\n\t\t\t<div class=\"elementor-widget-wrap elementor-element-populated\">\n\t\t\t\t\t\t<div class=\"elementor-element elementor-element-74e4f4c3 elementor-invisible elementor-widget elementor-widget-image\" data-id=\"74e4f4c3\" data-element_type=\"widget\" data-e-type=\"widget\" data-settings=\"{&quot;_animation&quot;:&quot;fadeInUp&quot;,&quot;_animation_tablet&quot;:&quot;fadeInUp&quot;,&quot;_animation_mobile&quot;:&quot;fadeInUp&quot;,&quot;_animation_delay&quot;:300}\" data-widget_type=\"image.default\">\n\t\t\t\t<div class=\"elementor-widget-container\">\n\t\t\t\t\t\t\t\t\t\t\t\t\t\t\t<img fetchpriority=\"high\" decoding=\"async\" width=\"1012\" height=\"340\" src=\"https:\/\/casaoaxacareforma.com\/wp-content\/uploads\/2022\/11\/Logo_CasaOaxacaReforma.png\" class=\"attachment-full size-full wp-image-177\" alt=\"\" srcset=\"https:\/\/casaoaxacareforma.com\/wp-content\/uploads\/2022\/11\/Logo_CasaOaxacaReforma.png 1012w, https:\/\/casaoaxacareforma.com\/wp-content\/uploads\/2022\/11\/Logo_CasaOaxacaReforma-300x101.png 300w, https:\/\/casaoaxacareforma.com\/wp-content\/uploads\/2022\/11\/Logo_CasaOaxacaReforma-768x258.png 768w\" sizes=\"(max-width: 1012px) 100vw, 1012px\" \/>\t\t\t\t\t\t\t\t\t\t\t\t\t\t\t<\/div>\n\t\t\t\t<\/div>\n\t\t\t\t<div class=\"elementor-element elementor-element-d7b4e24 elementor-widget elementor-widget-heading\" data-id=\"d7b4e24\" data-element_type=\"widget\" data-e-type=\"widget\" data-widget_type=\"heading.default\">\n\t\t\t\t<div class=\"elementor-widget-container\">\n\t\t\t\t\t<h2 class=\"elementor-heading-title elementor-size-default\">Aviso de Privacidad<\/h2>\t\t\t\t<\/div>\n\t\t\t\t<\/div>\n\t\t\t\t<div class=\"elementor-element elementor-element-1359636f elementor-widget elementor-widget-text-editor\" data-id=\"1359636f\" data-element_type=\"widget\" data-e-type=\"widget\" data-widget_type=\"text-editor.default\">\n\t\t\t\t<div class=\"elementor-widget-container\">\n\t\t\t\t\t\t\t\t\t<div class=\"left\"><p><strong><span class=\"incisos\">A. Identidad del Responsable<\/span><\/strong><\/p><p>Grupo Visi\u00f3n del Sureste S.A. de C.V. (en lo sucesivo, Casa Oaxaca Reforma), con domicilio en calle Jazmines n\u00famero 518 Colonia Reforma, C.P. 68050, Oaxaca de Ju\u00e1rez, Oaxaca, M\u00e9xico, es una empresa comprometida en proteger su privacidad. Nuestro responsable de Protecci\u00f3n de Datos es el Departamento de Datos Personales y se ubica en el mismo domicilio, usted podr\u00e1 contactarlo en el correo electr\u00f3nico privacidad@casaoaxacareforma.com<\/p><p><strong><span class=\"incisos\">B. Datos Personales<\/span><\/strong><\/p><p>Para los fines se\u00f1alados en el presente Aviso de Privacidad, Casa Oaxaca Reforma podr\u00e1 recabar sus datos personales de diversas formas: cuando la informaci\u00f3n es proporcionada directamente por usted; cuando visita el sitio de internet de Casa Oaxaca Reforma; cuando utiliza los servicios ofrecidos por Casa Oaxaca Reforma; y cuando obtenemos informaci\u00f3n a trav\u00e9s de otros medios distintos a los antes se\u00f1alados y que est\u00e1n permitidos por las leyes aplicables.<\/p><p>Los datos personales obtenidos por los medios antes indicados, son:<\/p><p>1. Datos de identificaci\u00f3n: nombre(s), apellido(s), domicilio, n\u00famero telef\u00f3nico de casa, celular y\/o trabajo, firma, correo electr\u00f3nico, g\u00e9nero, edad, fecha de nacimiento.<br \/>2. Datos Financieros: nombre del tarjetahabiente, n\u00famero de tarjeta de cr\u00e9dito o d\u00e9bito, fecha de expiraci\u00f3n.<br \/>3. Datos de Facturaci\u00f3n: nombre o denominaci\u00f3n o raz\u00f3n social, RFC, domicilio fiscal.<br \/>4. Datos de Preferencias: Relacionados con los servicios requeridos.<\/p><p><strong><span class=\"incisos\">C. Datos Personales Sensibles<\/span><\/strong><\/p><p>Se consideran datos personales sensibles aquellos datos personales que afecten a la esfera m\u00e1s \u00edntima de su titular, o cuya utilizaci\u00f3n indebida pueda dar origen a discriminaci\u00f3n o conlleve un riesgo grave para \u00e9ste. En particular, se consideran sensibles aquellos que puedan revelar aspectos como origen racial o \u00e9tnico, estado de salud presente y futuro, informaci\u00f3n gen\u00e9tica, creencias religiosas, filos\u00f3ficas y morales, afiliaci\u00f3n sindical, opiniones pol\u00edticas, preferencias sexuales. En nuestro caso, los datos personales sensibles que le solicitaremos nos proporcione podr\u00edan ser aquellos relativos a salud o capacidades especiales, mismos que se utilizar\u00e1n \u00fanicamente para brindarle un mejor servicio y satisfacer sus necesidades espec\u00edficas.<\/p><p><strong><span class=\"incisos\">D. Finalidad y Tratamiento de la Informaci\u00f3n Personal<\/span><\/strong><\/p><p>Finalidades que dan origen a la relaci\u00f3n jur\u00eddica y son necesarias para la prestaci\u00f3n de servicio:<\/p><p>1. La informaci\u00f3n personal que nos proporciona ser\u00e1 utilizada por Casa Oaxaca Reforma para prestar los servicios que usted le solicita.<br \/>2. Casa Oaxaca Reforma puede utilizar la informaci\u00f3n personal que nos proporciona para ofrecerle un mejor servicio y, en su caso, identificar sus preferencias. Asimismo, puede utilizar la informaci\u00f3n para ofrecerle promociones y productos comerciales, env\u00edo de promociones, servicios especiales, boletines informativos, encuestas, sorteos y otros recursos en l\u00ednea.<\/p><p><strong><span class=\"incisos\">E. Limitaci\u00f3n al Uso o Divulgaci\u00f3n de Informaci\u00f3n Personal<\/span><\/strong><\/p><p>En cualquier momento usted puede manifestar su negativa al tratamiento de las finalidades que no dan origen a la relaci\u00f3n jur\u00eddica ni son necesarias para la prestaci\u00f3n del servicio, lo cual podr\u00e1 solicitar al correo electr\u00f3nico privacidad@casaoaxacareforma.com, indicando el(los) correo electr\u00f3nico(s) y\/o n\u00famero(s) telef\u00f3nico(s); as\u00ed mismo podr\u00e1 revocar su consentimiento en los t\u00e9rminos se\u00f1alados en el inciso F.<\/p><p><strong><span class=\"incisos\">F. Del Ejercicio de los Derechos de Acceso, Rectificaci\u00f3n, Cancelaci\u00f3n y Oposici\u00f3n<\/span><\/strong><\/p><p>El acceso, rectificaci\u00f3n, cancelaci\u00f3n u oposici\u00f3n respecto a la informaci\u00f3n que proporcione a Casa Oaxaca Reforma se\u00f1alados en la Ley Federal de Protecci\u00f3n de Datos Personales en Posesi\u00f3n de los Particulares, o bien, la revocaci\u00f3n del consentimiento que nos ha otorgado al tratamiento de sus datos personales, lo podr\u00e1 hacer mediante entrega de la solicitud por escrito al Departamento de Datos Personales a nuestro domicilio o al correo electr\u00f3nico privacidad@casaoaxacareforma.com<\/p><p>Dicha solicitud deber\u00e1 contener cuando menos lo siguiente: (i) Nombre del Titular de los Datos Personales; (ii) Correo electr\u00f3nico para recibir notificaciones; (iii) Documentos que acrediten su identidad o, en su caso, la representaci\u00f3n legal del titular; (iv) Descripci\u00f3n clara y precisa de los datos personales respecto de los que se busca ejercer el derecho y del derecho que se pretende ejercer. (v) Cualquier otro elemento o documento que facilite la localizaci\u00f3n de los datos personales. En caso de que la solicitud no satisfaga alguno de los requisitos se\u00f1alados anteriormente, el Departamento de Datos Personales podr\u00e1 requerirle dentro de los 5 d\u00edas a la recepci\u00f3n de la solicitud que aporte los elementos o documentos necesarios para dar tr\u00e1mite a la misma. Usted contar\u00e1 con 10 d\u00edas para atender el requerimiento, en caso de no dar respuesta en dicho plazo, se tendr\u00e1 por no presentada la solicitud correspondiente.<\/p><p>Los plazos de atenci\u00f3n ser\u00e1n de m\u00e1ximo 20 d\u00edas contados desde la fecha en que se reciba la solicitud para comunicarle la determinaci\u00f3n adoptada, a efecto de que, si resulta procedente, haga efectiva la misma dentro de los 15 d\u00edas siguientes a la emisi\u00f3n de la respuesta. Con la finalidad de proteger su confidencialidad, Casa Oaxaca Reforma enviar\u00e1 la respuesta a su solicitud al correo electr\u00f3nico que haya proporcionado para tal fin y la conservar\u00e1 a disposici\u00f3n del solicitante en el domicilio se\u00f1alado en el p\u00e1rrafo anterior.<\/p><p><strong><span class=\"incisos\">G. Control y Seguridad de informaci\u00f3n personal<\/span><\/strong><\/p><p>Casa Oaxaca Reforma se compromete a tomar las medidas necesarias para proteger la informaci\u00f3n recopilada, utilizando tecnolog\u00edas de seguridad y procedimientos de control en el acceso, uso o divulgaci\u00f3n de su informaci\u00f3n personal sin autorizaci\u00f3n, por ejemplo, almacenando la informaci\u00f3n personal proporcionada en servidores ubicados en Centros de Datos que cuentan con controles de acceso limitado. Para transacciones en l\u00ednea, utilizamos tambi\u00e9n tecnolog\u00edas de seguridad que protegen la informaci\u00f3n personal que nos sea transmitida a trav\u00e9s de los diversos medios electr\u00f3nicos como puede ser el uso de un servidor seguro bajo el protocolo Secure Socket Layer (SSL). Sin embargo, ning\u00fan sistema de seguridad o de transmisi\u00f3n de datos del cual la empresa no tenga el control absoluto y\/o tenga dependencia con internet puede garantizar que sea totalmente seguro.<\/p><p><strong><span class=\"incisos\">H. Medios electr\u00f3nicos y cookies<\/span><\/strong><\/p><p>En el supuesto de que usted utilice medios electr\u00f3nicos en relaci\u00f3n a sus datos personales se generar\u00e1n cookies a efecto de proporcionarle un mejor servicio.<\/p><p>Los cookies son peque\u00f1as piezas de informaci\u00f3n que son enviadas por el sitio Web a su navegador.<\/p><p>Los cookies se almacenan en el disco duro de su equipo y se utilizan para determinar sus preferencias cuando se conecta a los servicios de nuestros sitios, as\u00ed como para rastrear determinados comportamientos o actividades llevadas a cabo por usted dentro de nuestros sitios.<\/p><p>En algunas secciones de nuestro sitio requerimos que el cliente tenga habilitados los cookies ya que algunas de las funcionalidades requieren de \u00e9stas para trabajar. Los cookies nos permiten: a) reconocerlo al momento de entrar a nuestros sitios y ofrecerle de una experiencia personalizada, b) conocer la configuraci\u00f3n personal del sitio especificada por usted, por ejemplo, los cookies nos permiten detectar el ancho de banda que usted ha seleccionado al momento de ingresar al home page de nuestros sitios, de tal forma que sabemos qu\u00e9 tipo de informaci\u00f3n es aconsejable descargar, c) calcular el tama\u00f1o de nuestra audiencia y medir algunos par\u00e1metros de tr\u00e1fico, pues cada navegador que obtiene acceso a nuestros sitios adquiere un cookie que se usa para determinar la frecuencia de uso y las secciones de los sitios visitadas, reflejando as\u00ed sus h\u00e1bitos y preferencias, informaci\u00f3n que nos es \u00fatil para mejorar el contenido, los titulares y las promociones para los usuarios. Los cookies tambi\u00e9n nos ayudan a rastrear algunas actividades, por ejemplo, en algunas de las encuestas que lanzamos en l\u00ednea, podemos utilizar cookies para detectar si el usuario ya ha llenado la encuesta y evitar desplegarla nuevamente, en caso de que lo haya hecho. El bot\u00f3n de \u201cayuda\u201d que se encuentra en la barra de herramientas de la mayor\u00eda de los navegadores, le dir\u00e1 c\u00f3mo evitar aceptar nuevos cookies, c\u00f3mo hacer que el navegador le notifique cuando recibe un nuevo cookie o c\u00f3mo deshabilitar todos los cookies. Sin embargo, las cookies le permitir\u00e1n tomar ventaja de las caracter\u00edsticas m\u00e1s ben\u00e9ficas que le ofrecemos, por lo que le recomendamos que las deje activadas.<\/p><p><strong><span class=\"incisos\">I. Transferencias<\/span><\/strong><\/p><p>Casa Oaxaca Reforma solamente transfiere datos personales en los supuestos establecidos en el art\u00edculo 37 de la Ley Federal de Protecci\u00f3n de Datos Personales en Posesi\u00f3n de Particulares.<\/p><p><strong><span class=\"incisos\">J. Cambios a este Aviso de Privacidad<\/span><\/strong><\/p><p>Casa Oaxaca Reforma podr\u00e1 en cualquier momento actualizar este aviso de privacidad. En el caso de que se produzcan cambios sustanciales a este aviso, lo comunicaremos a trav\u00e9s de nuestra p\u00e1gina de internet. Por lo anterior, le sugerimos visitar peri\u00f3dicamente este aviso de privacidad para estar enterado de cualquier actualizaci\u00f3n.<\/p><p>Me doy por enterado y acepto los t\u00e9rminos y condiciones establecidas en el presente Aviso de Privacidad, y en caso contrario lo comunicar\u00e9 a Casa Oaxaca Reforma en t\u00e9rminos de lo se\u00f1alado en los incisos E. y F. de este Aviso de Privacidad. En caso de alguna inconformidad o queja sobre el tratamiento de sus datos personales, usted se puede dirigir al Instituto Nacional de Transparencia, Acceso a la Informaci\u00f3n y Protecci\u00f3n de Datos Personales.<\/p><p style=\"text-align: right;\"><em>Fecha de lanzamiento: 29 de Noviembre, 2022<\/em><\/p><\/div>\t\t\t\t\t\t\t\t<\/div>\n\t\t\t\t<\/div>\n\t\t\t\t\t<\/div>\n\t\t<\/div>\n\t\t\t\t\t<\/div>\n\t\t<\/section>\n\t\t\t\t<\/div>","protected":false},"excerpt":{"rendered":"<p>Aviso de Privacidad A. Identidad del Responsable Grupo Visi\u00f3n del Sureste S.A. de C.V. (en lo sucesivo, Casa Oaxaca Reforma), con domicilio en calle Jazmines n\u00famero 518 Colonia Reforma, C.P. 68050, Oaxaca de Ju\u00e1rez, Oaxaca, M\u00e9xico, es una empresa comprometida en proteger su privacidad. Nuestro responsable de Protecci\u00f3n de Datos es el Departamento de Datos [&hellip;]<\/p>\n","protected":false},"author":1,"featured_media":0,"parent":0,"menu_order":0,"comment_status":"closed","ping_status":"closed","template":"elementor_header_footer","meta":{"footnotes":""},"class_list":["post-269","page","type-page","status-publish","hentry"],"yoast_head":"<!-- This site is optimized with the Yoast SEO plugin v27.1.1 - https:\/\/yoast.com\/product\/yoast-seo-wordpress\/ -->\n<title>Aviso de Privacidad - Casa Oaxaca Reforma<\/title>\n<meta name=\"robots\" content=\"index, follow, max-snippet:-1, max-image-preview:large, max-video-preview:-1\" \/>\n<link rel=\"canonical\" href=\"https:\/\/casaoaxacareforma.com\/en\/aviso-de-privacidad\/\" \/>\n<meta property=\"og:locale\" content=\"en_US\" \/>\n<meta property=\"og:type\" content=\"article\" \/>\n<meta property=\"og:title\" content=\"Aviso de Privacidad - Casa Oaxaca Reforma\" \/>\n<meta property=\"og:description\" content=\"Aviso de Privacidad A. Identidad del Responsable Grupo Visi\u00f3n del Sureste S.A. de C.V. (en lo sucesivo, Casa Oaxaca Reforma), con domicilio en calle Jazmines n\u00famero 518 Colonia Reforma, C.P. 68050, Oaxaca de Ju\u00e1rez, Oaxaca, M\u00e9xico, es una empresa comprometida en proteger su privacidad. Nuestro responsable de Protecci\u00f3n de Datos es el Departamento de Datos [&hellip;]\" \/>\n<meta property=\"og:url\" content=\"https:\/\/casaoaxacareforma.com\/en\/aviso-de-privacidad\/\" \/>\n<meta property=\"og:site_name\" content=\"Casa Oaxaca Reforma\" \/>\n<meta property=\"article:publisher\" content=\"https:\/\/www.facebook.com\/casaoaxacareforma\" \/>\n<meta property=\"article:modified_time\" content=\"2022-11-29T18:59:36+00:00\" \/>\n<meta property=\"og:image\" content=\"https:\/\/casaoaxacareforma.com\/wp-content\/uploads\/2022\/11\/Logo_CasaOaxacaReforma.png\" \/>\n<meta name=\"twitter:card\" content=\"summary_large_image\" \/>\n<meta name=\"twitter:label1\" content=\"Est. reading time\" \/>\n\t<meta name=\"twitter:data1\" content=\"8 minutes\" \/>\n<script type=\"application\/ld+json\" class=\"yoast-schema-graph\">{\"@context\":\"https:\/\/schema.org\",\"@graph\":[{\"@type\":\"WebPage\",\"@id\":\"https:\/\/casaoaxacareforma.com\/aviso-de-privacidad\/\",\"url\":\"https:\/\/casaoaxacareforma.com\/aviso-de-privacidad\/\",\"name\":\"Aviso de Privacidad - Casa Oaxaca Reforma\",\"isPartOf\":{\"@id\":\"https:\/\/casaoaxacareforma.com\/#website\"},\"primaryImageOfPage\":{\"@id\":\"https:\/\/casaoaxacareforma.com\/aviso-de-privacidad\/#primaryimage\"},\"image\":{\"@id\":\"https:\/\/casaoaxacareforma.com\/aviso-de-privacidad\/#primaryimage\"},\"thumbnailUrl\":\"https:\/\/casaoaxacareforma.com\/wp-content\/uploads\/2022\/11\/Logo_CasaOaxacaReforma.png\",\"datePublished\":\"2022-11-29T18:54:06+00:00\",\"dateModified\":\"2022-11-29T18:59:36+00:00\",\"breadcrumb\":{\"@id\":\"https:\/\/casaoaxacareforma.com\/aviso-de-privacidad\/#breadcrumb\"},\"inLanguage\":\"en-US\",\"potentialAction\":[{\"@type\":\"ReadAction\",\"target\":[\"https:\/\/casaoaxacareforma.com\/aviso-de-privacidad\/\"]}]},{\"@type\":\"ImageObject\",\"inLanguage\":\"en-US\",\"@id\":\"https:\/\/casaoaxacareforma.com\/aviso-de-privacidad\/#primaryimage\",\"url\":\"https:\/\/casaoaxacareforma.com\/wp-content\/uploads\/2022\/11\/Logo_CasaOaxacaReforma.png\",\"contentUrl\":\"https:\/\/casaoaxacareforma.com\/wp-content\/uploads\/2022\/11\/Logo_CasaOaxacaReforma.png\"},{\"@type\":\"BreadcrumbList\",\"@id\":\"https:\/\/casaoaxacareforma.com\/aviso-de-privacidad\/#breadcrumb\",\"itemListElement\":[{\"@type\":\"ListItem\",\"position\":1,\"name\":\"Portada\",\"item\":\"https:\/\/casaoaxacareforma.com\/\"},{\"@type\":\"ListItem\",\"position\":2,\"name\":\"Aviso de Privacidad\"}]},{\"@type\":\"WebSite\",\"@id\":\"https:\/\/casaoaxacareforma.com\/#website\",\"url\":\"https:\/\/casaoaxacareforma.com\/\",\"name\":\"Casa Oaxaca Reforma\",\"description\":\"Aut\u00e9ntica cocina tradicional oaxaque\u00f1a. Chef Alejandro Ruiz\",\"publisher\":{\"@id\":\"https:\/\/casaoaxacareforma.com\/#organization\"},\"potentialAction\":[{\"@type\":\"SearchAction\",\"target\":{\"@type\":\"EntryPoint\",\"urlTemplate\":\"https:\/\/casaoaxacareforma.com\/?s={search_term_string}\"},\"query-input\":{\"@type\":\"PropertyValueSpecification\",\"valueRequired\":true,\"valueName\":\"search_term_string\"}}],\"inLanguage\":\"en-US\"},{\"@type\":\"Organization\",\"@id\":\"https:\/\/casaoaxacareforma.com\/#organization\",\"name\":\"Casa Oaxaca Reforma\",\"url\":\"https:\/\/casaoaxacareforma.com\/\",\"logo\":{\"@type\":\"ImageObject\",\"inLanguage\":\"en-US\",\"@id\":\"https:\/\/casaoaxacareforma.com\/#\/schema\/logo\/image\/\",\"url\":\"https:\/\/casaoaxacareforma.com\/wp-content\/uploads\/2021\/08\/LogoFirma_CasaOaxacaReforma.png\",\"contentUrl\":\"https:\/\/casaoaxacareforma.com\/wp-content\/uploads\/2021\/08\/LogoFirma_CasaOaxacaReforma.png\",\"width\":384,\"height\":174,\"caption\":\"Casa Oaxaca Reforma\"},\"image\":{\"@id\":\"https:\/\/casaoaxacareforma.com\/#\/schema\/logo\/image\/\"},\"sameAs\":[\"https:\/\/www.facebook.com\/casaoaxacareforma\",\"https:\/\/www.instagram.com\/casaoaxacareforma\/\"]}]}<\/script>\n<!-- \/ Yoast SEO plugin. -->","yoast_head_json":{"title":"Aviso de Privacidad - Casa Oaxaca Reforma","robots":{"index":"index","follow":"follow","max-snippet":"max-snippet:-1","max-image-preview":"max-image-preview:large","max-video-preview":"max-video-preview:-1"},"canonical":"https:\/\/casaoaxacareforma.com\/en\/aviso-de-privacidad\/","og_locale":"en_US","og_type":"article","og_title":"Aviso de Privacidad - Casa Oaxaca Reforma","og_description":"Aviso de Privacidad A. Identidad del Responsable Grupo Visi\u00f3n del Sureste S.A. de C.V. (en lo sucesivo, Casa Oaxaca Reforma), con domicilio en calle Jazmines n\u00famero 518 Colonia Reforma, C.P. 68050, Oaxaca de Ju\u00e1rez, Oaxaca, M\u00e9xico, es una empresa comprometida en proteger su privacidad. Nuestro responsable de Protecci\u00f3n de Datos es el Departamento de Datos [&hellip;]","og_url":"https:\/\/casaoaxacareforma.com\/en\/aviso-de-privacidad\/","og_site_name":"Casa Oaxaca Reforma","article_publisher":"https:\/\/www.facebook.com\/casaoaxacareforma","article_modified_time":"2022-11-29T18:59:36+00:00","og_image":[{"url":"https:\/\/casaoaxacareforma.com\/wp-content\/uploads\/2022\/11\/Logo_CasaOaxacaReforma.png","type":"","width":"","height":""}],"twitter_card":"summary_large_image","twitter_misc":{"Est. reading time":"8 minutes"},"schema":{"@context":"https:\/\/schema.org","@graph":[{"@type":"WebPage","@id":"https:\/\/casaoaxacareforma.com\/aviso-de-privacidad\/","url":"https:\/\/casaoaxacareforma.com\/aviso-de-privacidad\/","name":"Aviso de Privacidad - Casa Oaxaca Reforma","isPartOf":{"@id":"https:\/\/casaoaxacareforma.com\/#website"},"primaryImageOfPage":{"@id":"https:\/\/casaoaxacareforma.com\/aviso-de-privacidad\/#primaryimage"},"image":{"@id":"https:\/\/casaoaxacareforma.com\/aviso-de-privacidad\/#primaryimage"},"thumbnailUrl":"https:\/\/casaoaxacareforma.com\/wp-content\/uploads\/2022\/11\/Logo_CasaOaxacaReforma.png","datePublished":"2022-11-29T18:54:06+00:00","dateModified":"2022-11-29T18:59:36+00:00","breadcrumb":{"@id":"https:\/\/casaoaxacareforma.com\/aviso-de-privacidad\/#breadcrumb"},"inLanguage":"en-US","potentialAction":[{"@type":"ReadAction","target":["https:\/\/casaoaxacareforma.com\/aviso-de-privacidad\/"]}]},{"@type":"ImageObject","inLanguage":"en-US","@id":"https:\/\/casaoaxacareforma.com\/aviso-de-privacidad\/#primaryimage","url":"https:\/\/casaoaxacareforma.com\/wp-content\/uploads\/2022\/11\/Logo_CasaOaxacaReforma.png","contentUrl":"https:\/\/casaoaxacareforma.com\/wp-content\/uploads\/2022\/11\/Logo_CasaOaxacaReforma.png"},{"@type":"BreadcrumbList","@id":"https:\/\/casaoaxacareforma.com\/aviso-de-privacidad\/#breadcrumb","itemListElement":[{"@type":"ListItem","position":1,"name":"Portada","item":"https:\/\/casaoaxacareforma.com\/"},{"@type":"ListItem","position":2,"name":"Aviso de Privacidad"}]},{"@type":"WebSite","@id":"https:\/\/casaoaxacareforma.com\/#website","url":"https:\/\/casaoaxacareforma.com\/","name":"Casa Oaxaca Reforma","description":"Aut\u00e9ntica cocina tradicional oaxaque\u00f1a. Chef Alejandro Ruiz","publisher":{"@id":"https:\/\/casaoaxacareforma.com\/#organization"},"potentialAction":[{"@type":"SearchAction","target":{"@type":"EntryPoint","urlTemplate":"https:\/\/casaoaxacareforma.com\/?s={search_term_string}"},"query-input":{"@type":"PropertyValueSpecification","valueRequired":true,"valueName":"search_term_string"}}],"inLanguage":"en-US"},{"@type":"Organization","@id":"https:\/\/casaoaxacareforma.com\/#organization","name":"Casa Oaxaca Reforma","url":"https:\/\/casaoaxacareforma.com\/","logo":{"@type":"ImageObject","inLanguage":"en-US","@id":"https:\/\/casaoaxacareforma.com\/#\/schema\/logo\/image\/","url":"https:\/\/casaoaxacareforma.com\/wp-content\/uploads\/2021\/08\/LogoFirma_CasaOaxacaReforma.png","contentUrl":"https:\/\/casaoaxacareforma.com\/wp-content\/uploads\/2021\/08\/LogoFirma_CasaOaxacaReforma.png","width":384,"height":174,"caption":"Casa Oaxaca Reforma"},"image":{"@id":"https:\/\/casaoaxacareforma.com\/#\/schema\/logo\/image\/"},"sameAs":["https:\/\/www.facebook.com\/casaoaxacareforma","https:\/\/www.instagram.com\/casaoaxacareforma\/"]}]}},"_links":{"self":[{"href":"https:\/\/casaoaxacareforma.com\/en\/wp-json\/wp\/v2\/pages\/269","targetHints":{"allow":["GET"]}}],"collection":[{"href":"https:\/\/casaoaxacareforma.com\/en\/wp-json\/wp\/v2\/pages"}],"about":[{"href":"https:\/\/casaoaxacareforma.com\/en\/wp-json\/wp\/v2\/types\/page"}],"author":[{"embeddable":true,"href":"https:\/\/casaoaxacareforma.com\/en\/wp-json\/wp\/v2\/users\/1"}],"replies":[{"embeddable":true,"href":"https:\/\/casaoaxacareforma.com\/en\/wp-json\/wp\/v2\/comments?post=269"}],"version-history":[{"count":7,"href":"https:\/\/casaoaxacareforma.com\/en\/wp-json\/wp\/v2\/pages\/269\/revisions"}],"predecessor-version":[{"id":278,"href":"https:\/\/casaoaxacareforma.com\/en\/wp-json\/wp\/v2\/pages\/269\/revisions\/278"}],"wp:attachment":[{"href":"https:\/\/casaoaxacareforma.com\/en\/wp-json\/wp\/v2\/media?parent=269"}],"curies":[{"name":"wp","href":"https:\/\/api.w.org\/{rel}","templated":true}]}}