{"id":203,"date":"2022-11-29T12:15:44","date_gmt":"2022-11-29T18:15:44","guid":{"rendered":"https:\/\/casaoaxacareforma.com\/eventos\/"},"modified":"2022-11-29T12:32:41","modified_gmt":"2022-11-29T18:32:41","slug":"eventos","status":"publish","type":"page","link":"https:\/\/casaoaxacareforma.com\/en\/eventos\/","title":{"rendered":"Events"},"content":{"rendered":"<div data-elementor-type=\"wp-page\" data-elementor-id=\"203\" class=\"elementor elementor-203\" data-elementor-post-type=\"page\">\n\t\t\t\t\t\t<section class=\"elementor-section elementor-top-section elementor-element elementor-element-36b5b278 elementor-section-height-min-height elementor-section-content-middle elementor-section-boxed elementor-section-height-default elementor-section-items-middle\" data-id=\"36b5b278\" data-element_type=\"section\" data-e-type=\"section\" data-settings=\"{&quot;background_background&quot;:&quot;classic&quot;}\">\n\t\t\t\t\t\t\t<div class=\"elementor-background-overlay\"><\/div>\n\t\t\t\t\t\t\t<div class=\"elementor-container elementor-column-gap-no\">\n\t\t\t\t\t<div class=\"elementor-column elementor-col-100 elementor-top-column elementor-element elementor-element-54146714\" data-id=\"54146714\" data-element_type=\"column\" data-e-type=\"column\">\n\t\t\t<div class=\"elementor-widget-wrap elementor-element-populated\">\n\t\t\t\t\t\t<div class=\"elementor-element elementor-element-7a6ea171 elementor-invisible elementor-widget elementor-widget-image\" data-id=\"7a6ea171\" data-element_type=\"widget\" data-e-type=\"widget\" data-settings=\"{&quot;_animation&quot;:&quot;fadeInDown&quot;,&quot;_animation_delay&quot;:300,&quot;_animation_tablet&quot;:&quot;fadeInDown&quot;,&quot;_animation_mobile&quot;:&quot;fadeInDown&quot;}\" data-widget_type=\"image.default\">\n\t\t\t\t<div class=\"elementor-widget-container\">\n\t\t\t\t\t\t\t\t\t\t\t\t\t\t\t<img fetchpriority=\"high\" decoding=\"async\" width=\"1012\" height=\"340\" src=\"https:\/\/casaoaxacareforma.com\/wp-content\/uploads\/2022\/11\/LogoW_CasaOaxacaReforma.png\" class=\"attachment-full size-full wp-image-185\" alt=\"\" srcset=\"https:\/\/casaoaxacareforma.com\/wp-content\/uploads\/2022\/11\/LogoW_CasaOaxacaReforma.png 1012w, https:\/\/casaoaxacareforma.com\/wp-content\/uploads\/2022\/11\/LogoW_CasaOaxacaReforma-300x101.png 300w, https:\/\/casaoaxacareforma.com\/wp-content\/uploads\/2022\/11\/LogoW_CasaOaxacaReforma-768x258.png 768w\" sizes=\"(max-width: 1012px) 100vw, 1012px\" \/>\t\t\t\t\t\t\t\t\t\t\t\t\t\t\t<\/div>\n\t\t\t\t<\/div>\n\t\t\t\t\t<\/div>\n\t\t<\/div>\n\t\t\t\t\t<\/div>\n\t\t<\/section>\n\t\t\t\t<section class=\"elementor-section elementor-top-section elementor-element elementor-element-5b6943d9 elementor-section-content-middle elementor-section-boxed elementor-section-height-default elementor-section-height-default\" data-id=\"5b6943d9\" data-element_type=\"section\" data-e-type=\"section\">\n\t\t\t\t\t\t<div class=\"elementor-container elementor-column-gap-no\">\n\t\t\t\t\t<div class=\"elementor-column elementor-col-50 elementor-top-column elementor-element elementor-element-4f7f76b5\" data-id=\"4f7f76b5\" data-element_type=\"column\" data-e-type=\"column\">\n\t\t\t<div class=\"elementor-widget-wrap elementor-element-populated\">\n\t\t\t\t\t\t<div class=\"elementor-element elementor-element-64ac33f5 elementor-widget elementor-widget-heading\" data-id=\"64ac33f5\" data-element_type=\"widget\" data-e-type=\"widget\" data-widget_type=\"heading.default\">\n\t\t\t\t<div class=\"elementor-widget-container\">\n\t\t\t\t\t<h3 class=\"elementor-heading-title elementor-size-default\">Celebrate with us<\/h3>\t\t\t\t<\/div>\n\t\t\t\t<\/div>\n\t\t\t\t<div class=\"elementor-element elementor-element-e277514 elementor-widget elementor-widget-image\" data-id=\"e277514\" data-element_type=\"widget\" data-e-type=\"widget\" data-settings=\"{&quot;_animation&quot;:&quot;none&quot;}\" data-widget_type=\"image.default\">\n\t\t\t\t<div class=\"elementor-widget-container\">\n\t\t\t\t\t\t\t\t\t\t\t\t\t\t\t<img decoding=\"async\" width=\"1383\" height=\"176\" src=\"https:\/\/casaoaxacareforma.com\/wp-content\/uploads\/2022\/11\/underline_b.png\" class=\"attachment-full size-full wp-image-188\" alt=\"\" srcset=\"https:\/\/casaoaxacareforma.com\/wp-content\/uploads\/2022\/11\/underline_b.png 1383w, https:\/\/casaoaxacareforma.com\/wp-content\/uploads\/2022\/11\/underline_b-300x38.png 300w, https:\/\/casaoaxacareforma.com\/wp-content\/uploads\/2022\/11\/underline_b-1024x130.png 1024w, https:\/\/casaoaxacareforma.com\/wp-content\/uploads\/2022\/11\/underline_b-768x98.png 768w\" sizes=\"(max-width: 1383px) 100vw, 1383px\" \/>\t\t\t\t\t\t\t\t\t\t\t\t\t\t\t<\/div>\n\t\t\t\t<\/div>\n\t\t\t\t<div class=\"elementor-element elementor-element-69833b98 elementor-widget elementor-widget-text-editor\" data-id=\"69833b98\" data-element_type=\"widget\" data-e-type=\"widget\" data-widget_type=\"text-editor.default\">\n\t\t\t\t<div class=\"elementor-widget-container\">\n\t\t\t\t\t\t\t\t\t<p>Celebrate in our patio with the best \u00e0 la carte flavors from Casa Oaxaca Reforma or hire our catering service available for private events where you can choose a menu created especially for your event.<\/p><p>Contact us via Whatsapp chat or write us an email in advance to find out all the details you have in mind for your celebration.<\/p><p>eventos@casaoaxacareforma.com<\/p>\t\t\t\t\t\t\t\t<\/div>\n\t\t\t\t<\/div>\n\t\t\t\t<div class=\"elementor-element elementor-element-107bc1d4 elementor-widget elementor-widget-text-editor\" data-id=\"107bc1d4\" data-element_type=\"widget\" data-e-type=\"widget\" data-widget_type=\"text-editor.default\">\n\t\t\t\t<div class=\"elementor-widget-container\">\n\t\t\t\t\t\t\t\t\t<ul><li><em>Events inside the restaurant from 10 up to 80 people<\/em><\/li><li><em>Reservations 8 days in advance<\/em><\/li><\/ul>\t\t\t\t\t\t\t\t<\/div>\n\t\t\t\t<\/div>\n\t\t\t\t\t<\/div>\n\t\t<\/div>\n\t\t\t\t<div class=\"elementor-column elementor-col-50 elementor-top-column elementor-element elementor-element-449122f5\" data-id=\"449122f5\" data-element_type=\"column\" data-e-type=\"column\">\n\t\t\t<div class=\"elementor-widget-wrap elementor-element-populated\">\n\t\t\t\t\t\t<div class=\"elementor-element elementor-element-4d32d1d5 animated-slow elementor-invisible elementor-widget elementor-widget-image\" data-id=\"4d32d1d5\" data-element_type=\"widget\" data-e-type=\"widget\" data-settings=\"{&quot;_animation&quot;:&quot;fadeInUp&quot;,&quot;_animation_tablet&quot;:&quot;fadeInUp&quot;,&quot;_animation_mobile&quot;:&quot;fadeInUp&quot;,&quot;_animation_delay&quot;:300}\" data-widget_type=\"image.default\">\n\t\t\t\t<div class=\"elementor-widget-container\">\n\t\t\t\t\t\t\t\t\t\t\t\t\t\t\t<img decoding=\"async\" width=\"509\" height=\"751\" src=\"https:\/\/casaoaxacareforma.com\/wp-content\/uploads\/2022\/11\/Mezcalini_granada_CasaOaxacaReforma_2.jpg\" class=\"attachment-full size-full wp-image-206\" alt=\"\" srcset=\"https:\/\/casaoaxacareforma.com\/wp-content\/uploads\/2022\/11\/Mezcalini_granada_CasaOaxacaReforma_2.jpg 509w, https:\/\/casaoaxacareforma.com\/wp-content\/uploads\/2022\/11\/Mezcalini_granada_CasaOaxacaReforma_2-203x300.jpg 203w\" sizes=\"(max-width: 509px) 100vw, 509px\" \/>\t\t\t\t\t\t\t\t\t\t\t\t\t\t\t<\/div>\n\t\t\t\t<\/div>\n\t\t\t\t\t<\/div>\n\t\t<\/div>\n\t\t\t\t\t<\/div>\n\t\t<\/section>\n\t\t\t\t<section class=\"elementor-section elementor-top-section elementor-element elementor-element-3d7d28c elementor-section-boxed elementor-section-height-default elementor-section-height-default\" data-id=\"3d7d28c\" data-element_type=\"section\" data-e-type=\"section\">\n\t\t\t\t\t\t<div class=\"elementor-container elementor-column-gap-default\">\n\t\t\t\t\t<div class=\"elementor-column elementor-col-25 elementor-top-column elementor-element elementor-element-184939cf\" data-id=\"184939cf\" data-element_type=\"column\" data-e-type=\"column\">\n\t\t\t<div class=\"elementor-widget-wrap elementor-element-populated\">\n\t\t\t\t\t\t<div class=\"elementor-element elementor-element-7a435ec7 elementor-align-center elementor-widget elementor-widget-button\" data-id=\"7a435ec7\" data-element_type=\"widget\" data-e-type=\"widget\" data-widget_type=\"button.default\">\n\t\t\t\t<div class=\"elementor-widget-container\">\n\t\t\t\t\t\t\t\t\t<div class=\"elementor-button-wrapper\">\n\t\t\t\t\t<a class=\"elementor-button elementor-button-link elementor-size-sm elementor-animation-grow\" href=\"https:\/\/casaoaxacareforma.com\/en\/menu\/\">\n\t\t\t\t\t\t<span class=\"elementor-button-content-wrapper\">\n\t\t\t\t\t\t\t\t\t<span class=\"elementor-button-text\">Menu<\/span>\n\t\t\t\t\t<\/span>\n\t\t\t\t\t<\/a>\n\t\t\t\t<\/div>\n\t\t\t\t\t\t\t\t<\/div>\n\t\t\t\t<\/div>\n\t\t\t\t\t<\/div>\n\t\t<\/div>\n\t\t\t\t<div class=\"elementor-column elementor-col-50 elementor-top-column elementor-element elementor-element-6b57673e\" data-id=\"6b57673e\" data-element_type=\"column\" data-e-type=\"column\">\n\t\t\t<div class=\"elementor-widget-wrap elementor-element-populated\">\n\t\t\t\t\t\t<div class=\"elementor-element elementor-element-6f3981d8 elementor-widget elementor-widget-image\" data-id=\"6f3981d8\" data-element_type=\"widget\" data-e-type=\"widget\" data-widget_type=\"image.default\">\n\t\t\t\t<div class=\"elementor-widget-container\">\n\t\t\t\t\t\t\t\t\t\t\t\t\t\t\t<img loading=\"lazy\" decoding=\"async\" width=\"2487\" height=\"385\" src=\"https:\/\/casaoaxacareforma.com\/wp-content\/uploads\/2022\/11\/icon.png\" class=\"attachment-full size-full wp-image-189\" alt=\"\" srcset=\"https:\/\/casaoaxacareforma.com\/wp-content\/uploads\/2022\/11\/icon.png 2487w, https:\/\/casaoaxacareforma.com\/wp-content\/uploads\/2022\/11\/icon-300x46.png 300w, https:\/\/casaoaxacareforma.com\/wp-content\/uploads\/2022\/11\/icon-1024x159.png 1024w, https:\/\/casaoaxacareforma.com\/wp-content\/uploads\/2022\/11\/icon-768x119.png 768w, https:\/\/casaoaxacareforma.com\/wp-content\/uploads\/2022\/11\/icon-1536x238.png 1536w, https:\/\/casaoaxacareforma.com\/wp-content\/uploads\/2022\/11\/icon-2048x317.png 2048w\" sizes=\"(max-width: 2487px) 100vw, 2487px\" \/>\t\t\t\t\t\t\t\t\t\t\t\t\t\t\t<\/div>\n\t\t\t\t<\/div>\n\t\t\t\t\t<\/div>\n\t\t<\/div>\n\t\t\t\t<div class=\"elementor-column elementor-col-25 elementor-top-column elementor-element elementor-element-438cc347\" data-id=\"438cc347\" data-element_type=\"column\" data-e-type=\"column\">\n\t\t\t<div class=\"elementor-widget-wrap elementor-element-populated\">\n\t\t\t\t\t\t<div class=\"elementor-element elementor-element-2e0f9f72 elementor-align-center elementor-widget elementor-widget-button\" data-id=\"2e0f9f72\" data-element_type=\"widget\" data-e-type=\"widget\" data-widget_type=\"button.default\">\n\t\t\t\t<div class=\"elementor-widget-container\">\n\t\t\t\t\t\t\t\t\t<div class=\"elementor-button-wrapper\">\n\t\t\t\t\t<a class=\"elementor-button elementor-button-link elementor-size-sm elementor-animation-grow\" href=\"https:\/\/casaoaxacareforma.com\/en\/ubicacion-y-contacto\/\">\n\t\t\t\t\t\t<span class=\"elementor-button-content-wrapper\">\n\t\t\t\t\t\t\t\t\t<span class=\"elementor-button-text\">Location<\/span>\n\t\t\t\t\t<\/span>\n\t\t\t\t\t<\/a>\n\t\t\t\t<\/div>\n\t\t\t\t\t\t\t\t<\/div>\n\t\t\t\t<\/div>\n\t\t\t\t\t<\/div>\n\t\t<\/div>\n\t\t\t\t\t<\/div>\n\t\t<\/section>\n\t\t\t\t<\/div>","protected":false},"excerpt":{"rendered":"<p>Celebra con nosotros Festeja en nuestro patio con los mejores sabores a la carta de Casa Oaxaca Reforma o contrata nuestro servicio de catering disponible para eventos privados; donde podr\u00e1s elegir un men\u00fa creado especialmente para tu evento. Cont\u00e1ctanos por el chat de Whatsapp o escr\u00edbenos un correo con anticipaci\u00f3n para conocer todos los detalles [&hellip;]<\/p>\n","protected":false},"author":1,"featured_media":0,"parent":0,"menu_order":0,"comment_status":"closed","ping_status":"closed","template":"elementor_header_footer","meta":{"footnotes":""},"class_list":["post-203","page","type-page","status-publish","hentry"],"yoast_head":"<!-- This site is optimized with the Yoast SEO plugin v27.1.1 - https:\/\/yoast.com\/product\/yoast-seo-wordpress\/ -->\n<title>Eventos - Casa Oaxaca Reforma<\/title>\n<meta name=\"robots\" content=\"index, follow, max-snippet:-1, max-image-preview:large, max-video-preview:-1\" \/>\n<link rel=\"canonical\" href=\"https:\/\/casaoaxacareforma.com\/en\/eventos\/\" \/>\n<meta property=\"og:locale\" content=\"en_US\" \/>\n<meta property=\"og:type\" content=\"article\" \/>\n<meta property=\"og:title\" content=\"Eventos - Casa Oaxaca Reforma\" \/>\n<meta property=\"og:description\" content=\"Celebra con nosotros Festeja en nuestro patio con los mejores sabores a la carta de Casa Oaxaca Reforma o contrata nuestro servicio de catering disponible para eventos privados; donde podr\u00e1s elegir un men\u00fa creado especialmente para tu evento. Cont\u00e1ctanos por el chat de Whatsapp o escr\u00edbenos un correo con anticipaci\u00f3n para conocer todos los detalles [&hellip;]\" \/>\n<meta property=\"og:url\" content=\"https:\/\/casaoaxacareforma.com\/en\/eventos\/\" \/>\n<meta property=\"og:site_name\" content=\"Casa Oaxaca Reforma\" \/>\n<meta property=\"article:publisher\" content=\"https:\/\/www.facebook.com\/casaoaxacareforma\" \/>\n<meta property=\"article:modified_time\" content=\"2022-11-29T18:32:41+00:00\" \/>\n<meta property=\"og:image\" content=\"https:\/\/casaoaxacareforma.com\/wp-content\/uploads\/2022\/11\/LogoW_CasaOaxacaReforma.png\" \/>\n<meta name=\"twitter:card\" content=\"summary_large_image\" \/>\n<script type=\"application\/ld+json\" class=\"yoast-schema-graph\">{\"@context\":\"https:\/\/schema.org\",\"@graph\":[{\"@type\":\"WebPage\",\"@id\":\"https:\/\/casaoaxacareforma.com\/eventos\/\",\"url\":\"https:\/\/casaoaxacareforma.com\/eventos\/\",\"name\":\"Eventos - Casa Oaxaca Reforma\",\"isPartOf\":{\"@id\":\"https:\/\/casaoaxacareforma.com\/#website\"},\"primaryImageOfPage\":{\"@id\":\"https:\/\/casaoaxacareforma.com\/eventos\/#primaryimage\"},\"image\":{\"@id\":\"https:\/\/casaoaxacareforma.com\/eventos\/#primaryimage\"},\"thumbnailUrl\":\"https:\/\/casaoaxacareforma.com\/wp-content\/uploads\/2022\/11\/LogoW_CasaOaxacaReforma.png\",\"datePublished\":\"2022-11-29T18:15:44+00:00\",\"dateModified\":\"2022-11-29T18:32:41+00:00\",\"breadcrumb\":{\"@id\":\"https:\/\/casaoaxacareforma.com\/eventos\/#breadcrumb\"},\"inLanguage\":\"en-US\",\"potentialAction\":[{\"@type\":\"ReadAction\",\"target\":[\"https:\/\/casaoaxacareforma.com\/eventos\/\"]}]},{\"@type\":\"ImageObject\",\"inLanguage\":\"en-US\",\"@id\":\"https:\/\/casaoaxacareforma.com\/eventos\/#primaryimage\",\"url\":\"https:\/\/casaoaxacareforma.com\/wp-content\/uploads\/2022\/11\/LogoW_CasaOaxacaReforma.png\",\"contentUrl\":\"https:\/\/casaoaxacareforma.com\/wp-content\/uploads\/2022\/11\/LogoW_CasaOaxacaReforma.png\"},{\"@type\":\"BreadcrumbList\",\"@id\":\"https:\/\/casaoaxacareforma.com\/eventos\/#breadcrumb\",\"itemListElement\":[{\"@type\":\"ListItem\",\"position\":1,\"name\":\"Portada\",\"item\":\"https:\/\/casaoaxacareforma.com\/\"},{\"@type\":\"ListItem\",\"position\":2,\"name\":\"Eventos\"}]},{\"@type\":\"WebSite\",\"@id\":\"https:\/\/casaoaxacareforma.com\/#website\",\"url\":\"https:\/\/casaoaxacareforma.com\/\",\"name\":\"Casa Oaxaca Reforma\",\"description\":\"Aut\u00e9ntica cocina tradicional oaxaque\u00f1a. Chef Alejandro Ruiz\",\"publisher\":{\"@id\":\"https:\/\/casaoaxacareforma.com\/#organization\"},\"potentialAction\":[{\"@type\":\"SearchAction\",\"target\":{\"@type\":\"EntryPoint\",\"urlTemplate\":\"https:\/\/casaoaxacareforma.com\/?s={search_term_string}\"},\"query-input\":{\"@type\":\"PropertyValueSpecification\",\"valueRequired\":true,\"valueName\":\"search_term_string\"}}],\"inLanguage\":\"en-US\"},{\"@type\":\"Organization\",\"@id\":\"https:\/\/casaoaxacareforma.com\/#organization\",\"name\":\"Casa Oaxaca Reforma\",\"url\":\"https:\/\/casaoaxacareforma.com\/\",\"logo\":{\"@type\":\"ImageObject\",\"inLanguage\":\"en-US\",\"@id\":\"https:\/\/casaoaxacareforma.com\/#\/schema\/logo\/image\/\",\"url\":\"https:\/\/casaoaxacareforma.com\/wp-content\/uploads\/2021\/08\/LogoFirma_CasaOaxacaReforma.png\",\"contentUrl\":\"https:\/\/casaoaxacareforma.com\/wp-content\/uploads\/2021\/08\/LogoFirma_CasaOaxacaReforma.png\",\"width\":384,\"height\":174,\"caption\":\"Casa Oaxaca Reforma\"},\"image\":{\"@id\":\"https:\/\/casaoaxacareforma.com\/#\/schema\/logo\/image\/\"},\"sameAs\":[\"https:\/\/www.facebook.com\/casaoaxacareforma\",\"https:\/\/www.instagram.com\/casaoaxacareforma\/\"]}]}<\/script>\n<!-- \/ Yoast SEO plugin. -->","yoast_head_json":{"title":"Eventos - Casa Oaxaca Reforma","robots":{"index":"index","follow":"follow","max-snippet":"max-snippet:-1","max-image-preview":"max-image-preview:large","max-video-preview":"max-video-preview:-1"},"canonical":"https:\/\/casaoaxacareforma.com\/en\/eventos\/","og_locale":"en_US","og_type":"article","og_title":"Eventos - Casa Oaxaca Reforma","og_description":"Celebra con nosotros Festeja en nuestro patio con los mejores sabores a la carta de Casa Oaxaca Reforma o contrata nuestro servicio de catering disponible para eventos privados; donde podr\u00e1s elegir un men\u00fa creado especialmente para tu evento. Cont\u00e1ctanos por el chat de Whatsapp o escr\u00edbenos un correo con anticipaci\u00f3n para conocer todos los detalles [&hellip;]","og_url":"https:\/\/casaoaxacareforma.com\/en\/eventos\/","og_site_name":"Casa Oaxaca Reforma","article_publisher":"https:\/\/www.facebook.com\/casaoaxacareforma","article_modified_time":"2022-11-29T18:32:41+00:00","og_image":[{"url":"https:\/\/casaoaxacareforma.com\/wp-content\/uploads\/2022\/11\/LogoW_CasaOaxacaReforma.png","type":"","width":"","height":""}],"twitter_card":"summary_large_image","schema":{"@context":"https:\/\/schema.org","@graph":[{"@type":"WebPage","@id":"https:\/\/casaoaxacareforma.com\/eventos\/","url":"https:\/\/casaoaxacareforma.com\/eventos\/","name":"Eventos - Casa Oaxaca Reforma","isPartOf":{"@id":"https:\/\/casaoaxacareforma.com\/#website"},"primaryImageOfPage":{"@id":"https:\/\/casaoaxacareforma.com\/eventos\/#primaryimage"},"image":{"@id":"https:\/\/casaoaxacareforma.com\/eventos\/#primaryimage"},"thumbnailUrl":"https:\/\/casaoaxacareforma.com\/wp-content\/uploads\/2022\/11\/LogoW_CasaOaxacaReforma.png","datePublished":"2022-11-29T18:15:44+00:00","dateModified":"2022-11-29T18:32:41+00:00","breadcrumb":{"@id":"https:\/\/casaoaxacareforma.com\/eventos\/#breadcrumb"},"inLanguage":"en-US","potentialAction":[{"@type":"ReadAction","target":["https:\/\/casaoaxacareforma.com\/eventos\/"]}]},{"@type":"ImageObject","inLanguage":"en-US","@id":"https:\/\/casaoaxacareforma.com\/eventos\/#primaryimage","url":"https:\/\/casaoaxacareforma.com\/wp-content\/uploads\/2022\/11\/LogoW_CasaOaxacaReforma.png","contentUrl":"https:\/\/casaoaxacareforma.com\/wp-content\/uploads\/2022\/11\/LogoW_CasaOaxacaReforma.png"},{"@type":"BreadcrumbList","@id":"https:\/\/casaoaxacareforma.com\/eventos\/#breadcrumb","itemListElement":[{"@type":"ListItem","position":1,"name":"Portada","item":"https:\/\/casaoaxacareforma.com\/"},{"@type":"ListItem","position":2,"name":"Eventos"}]},{"@type":"WebSite","@id":"https:\/\/casaoaxacareforma.com\/#website","url":"https:\/\/casaoaxacareforma.com\/","name":"Casa Oaxaca Reforma","description":"Aut\u00e9ntica cocina tradicional oaxaque\u00f1a. Chef Alejandro Ruiz","publisher":{"@id":"https:\/\/casaoaxacareforma.com\/#organization"},"potentialAction":[{"@type":"SearchAction","target":{"@type":"EntryPoint","urlTemplate":"https:\/\/casaoaxacareforma.com\/?s={search_term_string}"},"query-input":{"@type":"PropertyValueSpecification","valueRequired":true,"valueName":"search_term_string"}}],"inLanguage":"en-US"},{"@type":"Organization","@id":"https:\/\/casaoaxacareforma.com\/#organization","name":"Casa Oaxaca Reforma","url":"https:\/\/casaoaxacareforma.com\/","logo":{"@type":"ImageObject","inLanguage":"en-US","@id":"https:\/\/casaoaxacareforma.com\/#\/schema\/logo\/image\/","url":"https:\/\/casaoaxacareforma.com\/wp-content\/uploads\/2021\/08\/LogoFirma_CasaOaxacaReforma.png","contentUrl":"https:\/\/casaoaxacareforma.com\/wp-content\/uploads\/2021\/08\/LogoFirma_CasaOaxacaReforma.png","width":384,"height":174,"caption":"Casa Oaxaca Reforma"},"image":{"@id":"https:\/\/casaoaxacareforma.com\/#\/schema\/logo\/image\/"},"sameAs":["https:\/\/www.facebook.com\/casaoaxacareforma","https:\/\/www.instagram.com\/casaoaxacareforma\/"]}]}},"_links":{"self":[{"href":"https:\/\/casaoaxacareforma.com\/en\/wp-json\/wp\/v2\/pages\/203","targetHints":{"allow":["GET"]}}],"collection":[{"href":"https:\/\/casaoaxacareforma.com\/en\/wp-json\/wp\/v2\/pages"}],"about":[{"href":"https:\/\/casaoaxacareforma.com\/en\/wp-json\/wp\/v2\/types\/page"}],"author":[{"embeddable":true,"href":"https:\/\/casaoaxacareforma.com\/en\/wp-json\/wp\/v2\/users\/1"}],"replies":[{"embeddable":true,"href":"https:\/\/casaoaxacareforma.com\/en\/wp-json\/wp\/v2\/comments?post=203"}],"version-history":[{"count":6,"href":"https:\/\/casaoaxacareforma.com\/en\/wp-json\/wp\/v2\/pages\/203\/revisions"}],"predecessor-version":[{"id":262,"href":"https:\/\/casaoaxacareforma.com\/en\/wp-json\/wp\/v2\/pages\/203\/revisions\/262"}],"wp:attachment":[{"href":"https:\/\/casaoaxacareforma.com\/en\/wp-json\/wp\/v2\/media?parent=203"}],"curies":[{"name":"wp","href":"https:\/\/api.w.org\/{rel}","templated":true}]}}