{"id":184,"date":"2022-11-29T12:15:39","date_gmt":"2022-11-29T18:15:39","guid":{"rendered":"https:\/\/casaoaxacareforma.com\/trabaja-con-nosotros\/"},"modified":"2022-11-29T12:36:02","modified_gmt":"2022-11-29T18:36:02","slug":"trabaja-con-nosotros","status":"publish","type":"page","link":"https:\/\/casaoaxacareforma.com\/en\/trabaja-con-nosotros\/","title":{"rendered":"Work with us"},"content":{"rendered":"<div data-elementor-type=\"wp-page\" data-elementor-id=\"184\" class=\"elementor elementor-184\" data-elementor-post-type=\"page\">\n\t\t\t\t\t\t<section class=\"elementor-section elementor-top-section elementor-element elementor-element-255d47be elementor-section-height-min-height elementor-section-content-middle elementor-section-boxed elementor-section-height-default elementor-section-items-middle\" data-id=\"255d47be\" data-element_type=\"section\" data-e-type=\"section\" data-settings=\"{&quot;background_background&quot;:&quot;classic&quot;}\">\n\t\t\t\t\t\t\t<div class=\"elementor-background-overlay\"><\/div>\n\t\t\t\t\t\t\t<div class=\"elementor-container elementor-column-gap-no\">\n\t\t\t\t\t<div class=\"elementor-column elementor-col-100 elementor-top-column elementor-element elementor-element-b627ea5\" data-id=\"b627ea5\" data-element_type=\"column\" data-e-type=\"column\">\n\t\t\t<div class=\"elementor-widget-wrap elementor-element-populated\">\n\t\t\t\t\t\t<div class=\"elementor-element elementor-element-5bd1d580 elementor-invisible elementor-widget elementor-widget-image\" data-id=\"5bd1d580\" data-element_type=\"widget\" data-e-type=\"widget\" data-settings=\"{&quot;_animation&quot;:&quot;fadeInDown&quot;,&quot;_animation_delay&quot;:300,&quot;_animation_tablet&quot;:&quot;fadeInDown&quot;,&quot;_animation_mobile&quot;:&quot;fadeInDown&quot;}\" data-widget_type=\"image.default\">\n\t\t\t\t<div class=\"elementor-widget-container\">\n\t\t\t\t\t\t\t\t\t\t\t\t\t\t\t<img fetchpriority=\"high\" decoding=\"async\" width=\"1012\" height=\"340\" src=\"https:\/\/casaoaxacareforma.com\/wp-content\/uploads\/2022\/11\/LogoW_CasaOaxacaReforma.png\" class=\"attachment-full size-full wp-image-185\" alt=\"\" srcset=\"https:\/\/casaoaxacareforma.com\/wp-content\/uploads\/2022\/11\/LogoW_CasaOaxacaReforma.png 1012w, https:\/\/casaoaxacareforma.com\/wp-content\/uploads\/2022\/11\/LogoW_CasaOaxacaReforma-300x101.png 300w, https:\/\/casaoaxacareforma.com\/wp-content\/uploads\/2022\/11\/LogoW_CasaOaxacaReforma-768x258.png 768w\" sizes=\"(max-width: 1012px) 100vw, 1012px\" \/>\t\t\t\t\t\t\t\t\t\t\t\t\t\t\t<\/div>\n\t\t\t\t<\/div>\n\t\t\t\t\t<\/div>\n\t\t<\/div>\n\t\t\t\t\t<\/div>\n\t\t<\/section>\n\t\t\t\t<section class=\"elementor-section elementor-top-section elementor-element elementor-element-44285d95 elementor-section-content-middle elementor-section-boxed elementor-section-height-default elementor-section-height-default\" data-id=\"44285d95\" data-element_type=\"section\" data-e-type=\"section\">\n\t\t\t\t\t\t<div class=\"elementor-container elementor-column-gap-no\">\n\t\t\t\t\t<div class=\"elementor-column elementor-col-100 elementor-top-column elementor-element elementor-element-721fdb71\" data-id=\"721fdb71\" data-element_type=\"column\" data-e-type=\"column\">\n\t\t\t<div class=\"elementor-widget-wrap elementor-element-populated\">\n\t\t\t\t\t\t<div class=\"elementor-element elementor-element-7ee3a9f0 elementor-widget elementor-widget-heading\" data-id=\"7ee3a9f0\" data-element_type=\"widget\" data-e-type=\"widget\" data-widget_type=\"heading.default\">\n\t\t\t\t<div class=\"elementor-widget-container\">\n\t\t\t\t\t<h3 class=\"elementor-heading-title elementor-size-default\">\u00danete a nuestro gran equipo y trabaja con nosotros<\/h3>\t\t\t\t<\/div>\n\t\t\t\t<\/div>\n\t\t\t\t<div class=\"elementor-element elementor-element-56d02651 elementor-widget elementor-widget-image\" data-id=\"56d02651\" data-element_type=\"widget\" data-e-type=\"widget\" data-settings=\"{&quot;_animation&quot;:&quot;none&quot;}\" data-widget_type=\"image.default\">\n\t\t\t\t<div class=\"elementor-widget-container\">\n\t\t\t\t\t\t\t\t\t\t\t\t\t\t\t<img decoding=\"async\" width=\"1383\" height=\"176\" src=\"https:\/\/casaoaxacareforma.com\/wp-content\/uploads\/2022\/11\/underline_b.png\" class=\"attachment-full size-full wp-image-188\" alt=\"\" srcset=\"https:\/\/casaoaxacareforma.com\/wp-content\/uploads\/2022\/11\/underline_b.png 1383w, https:\/\/casaoaxacareforma.com\/wp-content\/uploads\/2022\/11\/underline_b-300x38.png 300w, https:\/\/casaoaxacareforma.com\/wp-content\/uploads\/2022\/11\/underline_b-1024x130.png 1024w, https:\/\/casaoaxacareforma.com\/wp-content\/uploads\/2022\/11\/underline_b-768x98.png 768w\" sizes=\"(max-width: 1383px) 100vw, 1383px\" \/>\t\t\t\t\t\t\t\t\t\t\t\t\t\t\t<\/div>\n\t\t\t\t<\/div>\n\t\t\t\t<div class=\"elementor-element elementor-element-6ea7c6c elementor-widget elementor-widget-text-editor\" data-id=\"6ea7c6c\" data-element_type=\"widget\" data-e-type=\"widget\" data-widget_type=\"text-editor.default\">\n\t\t\t\t<div class=\"elementor-widget-container\">\n\t\t\t\t\t\t\t\t\t<p>Constantemente estamos en b\u00fasqueda del mejor talento para nuestros restaurantes.<\/p><p>Env\u00eda tu CV a nuestro departamento de recursos humanos:<\/p><p><span style=\"text-decoration: underline; color: #998543;\">rh@casaoaxaca.com.mx<br \/><br \/><\/span>o cont\u00e1ctanos llamando al tel\u00e9fono:<\/p>\t\t\t\t\t\t\t\t<\/div>\n\t\t\t\t<\/div>\n\t\t\t\t<div class=\"elementor-element elementor-element-14cfa151 elementor-align-center elementor-icon-list--layout-traditional elementor-list-item-link-full_width elementor-widget elementor-widget-icon-list\" data-id=\"14cfa151\" data-element_type=\"widget\" data-e-type=\"widget\" data-widget_type=\"icon-list.default\">\n\t\t\t\t<div class=\"elementor-widget-container\">\n\t\t\t\t\t\t\t<ul class=\"elementor-icon-list-items\">\n\t\t\t\t\t\t\t<li class=\"elementor-icon-list-item\">\n\t\t\t\t\t\t\t\t\t\t\t<span class=\"elementor-icon-list-icon\">\n\t\t\t\t\t\t\t<i aria-hidden=\"true\" class=\"fas fa-phone-alt\"><\/i>\t\t\t\t\t\t<\/span>\n\t\t\t\t\t\t\t\t\t\t<span class=\"elementor-icon-list-text\">+52 (951) 638 5514<\/span>\n\t\t\t\t\t\t\t\t\t<\/li>\n\t\t\t\t\t\t<\/ul>\n\t\t\t\t\t\t<\/div>\n\t\t\t\t<\/div>\n\t\t\t\t\t<\/div>\n\t\t<\/div>\n\t\t\t\t\t<\/div>\n\t\t<\/section>\n\t\t\t\t<section class=\"elementor-section elementor-top-section elementor-element elementor-element-75c39038 elementor-section-boxed elementor-section-height-default elementor-section-height-default\" data-id=\"75c39038\" data-element_type=\"section\" data-e-type=\"section\">\n\t\t\t\t\t\t<div class=\"elementor-container elementor-column-gap-default\">\n\t\t\t\t\t<div class=\"elementor-column elementor-col-100 elementor-top-column elementor-element elementor-element-499e08c7\" data-id=\"499e08c7\" data-element_type=\"column\" data-e-type=\"column\">\n\t\t\t<div class=\"elementor-widget-wrap elementor-element-populated\">\n\t\t\t\t\t\t<div class=\"elementor-element elementor-element-360e5f63 elementor-widget elementor-widget-image\" data-id=\"360e5f63\" data-element_type=\"widget\" data-e-type=\"widget\" data-widget_type=\"image.default\">\n\t\t\t\t<div class=\"elementor-widget-container\">\n\t\t\t\t\t\t\t\t\t\t\t\t\t\t\t<img decoding=\"async\" width=\"2487\" height=\"385\" src=\"https:\/\/casaoaxacareforma.com\/wp-content\/uploads\/2022\/11\/icon.png\" class=\"attachment-full size-full wp-image-189\" alt=\"\" srcset=\"https:\/\/casaoaxacareforma.com\/wp-content\/uploads\/2022\/11\/icon.png 2487w, https:\/\/casaoaxacareforma.com\/wp-content\/uploads\/2022\/11\/icon-300x46.png 300w, https:\/\/casaoaxacareforma.com\/wp-content\/uploads\/2022\/11\/icon-1024x159.png 1024w, https:\/\/casaoaxacareforma.com\/wp-content\/uploads\/2022\/11\/icon-768x119.png 768w, https:\/\/casaoaxacareforma.com\/wp-content\/uploads\/2022\/11\/icon-1536x238.png 1536w, https:\/\/casaoaxacareforma.com\/wp-content\/uploads\/2022\/11\/icon-2048x317.png 2048w\" sizes=\"(max-width: 2487px) 100vw, 2487px\" \/>\t\t\t\t\t\t\t\t\t\t\t\t\t\t\t<\/div>\n\t\t\t\t<\/div>\n\t\t\t\t\t<\/div>\n\t\t<\/div>\n\t\t\t\t\t<\/div>\n\t\t<\/section>\n\t\t\t\t<section class=\"elementor-section elementor-top-section elementor-element elementor-element-1f22999e elementor-section-boxed elementor-section-height-default elementor-section-height-default\" data-id=\"1f22999e\" data-element_type=\"section\" data-e-type=\"section\">\n\t\t\t\t\t\t<div class=\"elementor-container elementor-column-gap-default\">\n\t\t\t\t\t<div class=\"elementor-column elementor-col-14 elementor-top-column elementor-element elementor-element-196082f\" data-id=\"196082f\" data-element_type=\"column\" data-e-type=\"column\">\n\t\t\t<div class=\"elementor-widget-wrap elementor-element-populated\">\n\t\t\t\t\t\t<div class=\"elementor-element elementor-element-36ee6c8d elementor-widget elementor-widget-image\" data-id=\"36ee6c8d\" data-element_type=\"widget\" data-e-type=\"widget\" data-widget_type=\"image.default\">\n\t\t\t\t<div class=\"elementor-widget-container\">\n\t\t\t\t\t\t\t\t\t\t\t\t\t\t\t\t<a href=\"https:\/\/casaoaxaca.com.mx\/\" target=\"_blank\">\n\t\t\t\t\t\t\t<img loading=\"lazy\" decoding=\"async\" width=\"640\" height=\"68\" src=\"https:\/\/casaoaxacareforma.com\/wp-content\/uploads\/2022\/11\/Logo_CasaOaxacaHotel.png\" class=\"attachment-full size-full wp-image-190\" alt=\"\" srcset=\"https:\/\/casaoaxacareforma.com\/wp-content\/uploads\/2022\/11\/Logo_CasaOaxacaHotel.png 640w, https:\/\/casaoaxacareforma.com\/wp-content\/uploads\/2022\/11\/Logo_CasaOaxacaHotel-300x32.png 300w\" sizes=\"(max-width: 640px) 100vw, 640px\" \/>\t\t\t\t\t\t\t\t<\/a>\n\t\t\t\t\t\t\t\t\t\t\t\t\t\t\t<\/div>\n\t\t\t\t<\/div>\n\t\t\t\t\t<\/div>\n\t\t<\/div>\n\t\t\t\t<div class=\"elementor-column elementor-col-14 elementor-top-column elementor-element elementor-element-6fbe625a\" data-id=\"6fbe625a\" data-element_type=\"column\" data-e-type=\"column\">\n\t\t\t<div class=\"elementor-widget-wrap elementor-element-populated\">\n\t\t\t\t\t\t<div class=\"elementor-element elementor-element-2dfb6858 elementor-widget elementor-widget-image\" data-id=\"2dfb6858\" data-element_type=\"widget\" data-e-type=\"widget\" data-widget_type=\"image.default\">\n\t\t\t\t<div class=\"elementor-widget-container\">\n\t\t\t\t\t\t\t\t\t\t\t\t\t\t\t\t<a href=\"https:\/\/casaoaxacaelrestaurante.com\/\" target=\"_blank\">\n\t\t\t\t\t\t\t<img loading=\"lazy\" decoding=\"async\" width=\"640\" height=\"157\" src=\"https:\/\/casaoaxacareforma.com\/wp-content\/uploads\/2022\/11\/logo_b.png\" class=\"attachment-full size-full wp-image-191\" alt=\"\" srcset=\"https:\/\/casaoaxacareforma.com\/wp-content\/uploads\/2022\/11\/logo_b.png 640w, https:\/\/casaoaxacareforma.com\/wp-content\/uploads\/2022\/11\/logo_b-300x74.png 300w\" sizes=\"(max-width: 640px) 100vw, 640px\" \/>\t\t\t\t\t\t\t\t<\/a>\n\t\t\t\t\t\t\t\t\t\t\t\t\t\t\t<\/div>\n\t\t\t\t<\/div>\n\t\t\t\t\t<\/div>\n\t\t<\/div>\n\t\t\t\t<div class=\"elementor-column elementor-col-14 elementor-top-column elementor-element elementor-element-2414c618\" data-id=\"2414c618\" data-element_type=\"column\" data-e-type=\"column\">\n\t\t\t<div class=\"elementor-widget-wrap elementor-element-populated\">\n\t\t\t\t\t\t<div class=\"elementor-element elementor-element-7e2f941d elementor-widget elementor-widget-image\" data-id=\"7e2f941d\" data-element_type=\"widget\" data-e-type=\"widget\" data-widget_type=\"image.default\">\n\t\t\t\t<div class=\"elementor-widget-container\">\n\t\t\t\t\t\t\t\t\t\t\t\t\t\t\t<img loading=\"lazy\" decoding=\"async\" width=\"454\" height=\"209\" src=\"https:\/\/casaoaxacareforma.com\/wp-content\/uploads\/2022\/11\/Logo_LaVentana_CasaOaxaca.png\" class=\"attachment-full size-full wp-image-192\" alt=\"\" srcset=\"https:\/\/casaoaxacareforma.com\/wp-content\/uploads\/2022\/11\/Logo_LaVentana_CasaOaxaca.png 454w, https:\/\/casaoaxacareforma.com\/wp-content\/uploads\/2022\/11\/Logo_LaVentana_CasaOaxaca-300x138.png 300w\" sizes=\"(max-width: 454px) 100vw, 454px\" \/>\t\t\t\t\t\t\t\t\t\t\t\t\t\t\t<\/div>\n\t\t\t\t<\/div>\n\t\t\t\t\t<\/div>\n\t\t<\/div>\n\t\t\t\t<div class=\"elementor-column elementor-col-14 elementor-top-column elementor-element elementor-element-22af9d1b\" data-id=\"22af9d1b\" data-element_type=\"column\" data-e-type=\"column\">\n\t\t\t<div class=\"elementor-widget-wrap elementor-element-populated\">\n\t\t\t\t\t\t<div class=\"elementor-element elementor-element-69112eee elementor-widget elementor-widget-image\" data-id=\"69112eee\" data-element_type=\"widget\" data-e-type=\"widget\" data-widget_type=\"image.default\">\n\t\t\t\t<div class=\"elementor-widget-container\">\n\t\t\t\t\t\t\t\t\t\t\t\t\t\t\t\t<a href=\"https:\/\/oaxacalifornia.com.mx\/\" target=\"_blank\">\n\t\t\t\t\t\t\t<img loading=\"lazy\" decoding=\"async\" width=\"245\" height=\"88\" src=\"https:\/\/casaoaxacareforma.com\/wp-content\/uploads\/2022\/11\/logo_oaxacalifornia.png\" class=\"attachment-full size-full wp-image-193\" alt=\"\" \/>\t\t\t\t\t\t\t\t<\/a>\n\t\t\t\t\t\t\t\t\t\t\t\t\t\t\t<\/div>\n\t\t\t\t<\/div>\n\t\t\t\t\t<\/div>\n\t\t<\/div>\n\t\t\t\t<div class=\"elementor-column elementor-col-14 elementor-top-column elementor-element elementor-element-5d96c3ed\" data-id=\"5d96c3ed\" data-element_type=\"column\" data-e-type=\"column\">\n\t\t\t<div class=\"elementor-widget-wrap elementor-element-populated\">\n\t\t\t\t\t\t<div class=\"elementor-element elementor-element-609269bc elementor-widget elementor-widget-image\" data-id=\"609269bc\" data-element_type=\"widget\" data-e-type=\"widget\" data-widget_type=\"image.default\">\n\t\t\t\t<div class=\"elementor-widget-container\">\n\t\t\t\t\t\t\t\t\t\t\t\t\t\t\t\t<a href=\"https:\/\/portozuelo.com\/\" target=\"_blank\">\n\t\t\t\t\t\t\t<img loading=\"lazy\" decoding=\"async\" width=\"146\" height=\"75\" src=\"https:\/\/casaoaxacareforma.com\/wp-content\/uploads\/2022\/11\/portozuelo.png\" class=\"attachment-full size-full wp-image-194\" alt=\"\" \/>\t\t\t\t\t\t\t\t<\/a>\n\t\t\t\t\t\t\t\t\t\t\t\t\t\t\t<\/div>\n\t\t\t\t<\/div>\n\t\t\t\t\t<\/div>\n\t\t<\/div>\n\t\t\t\t<div class=\"elementor-column elementor-col-14 elementor-top-column elementor-element elementor-element-6d57fc11\" data-id=\"6d57fc11\" data-element_type=\"column\" data-e-type=\"column\">\n\t\t\t<div class=\"elementor-widget-wrap elementor-element-populated\">\n\t\t\t\t\t\t<div class=\"elementor-element elementor-element-4eca840 elementor-widget elementor-widget-image\" data-id=\"4eca840\" data-element_type=\"widget\" data-e-type=\"widget\" data-widget_type=\"image.default\">\n\t\t\t\t<div class=\"elementor-widget-container\">\n\t\t\t\t\t\t\t\t\t\t\t\t\t\t\t<img loading=\"lazy\" decoding=\"async\" width=\"494\" height=\"216\" src=\"https:\/\/casaoaxacareforma.com\/wp-content\/uploads\/2022\/11\/Logo_LaPasion.png\" class=\"attachment-full size-full wp-image-195\" alt=\"\" srcset=\"https:\/\/casaoaxacareforma.com\/wp-content\/uploads\/2022\/11\/Logo_LaPasion.png 494w, https:\/\/casaoaxacareforma.com\/wp-content\/uploads\/2022\/11\/Logo_LaPasion-300x131.png 300w\" sizes=\"(max-width: 494px) 100vw, 494px\" \/>\t\t\t\t\t\t\t\t\t\t\t\t\t\t\t<\/div>\n\t\t\t\t<\/div>\n\t\t\t\t\t<\/div>\n\t\t<\/div>\n\t\t\t\t<div class=\"elementor-column elementor-col-14 elementor-top-column elementor-element elementor-element-623bbf88\" data-id=\"623bbf88\" data-element_type=\"column\" data-e-type=\"column\">\n\t\t\t<div class=\"elementor-widget-wrap elementor-element-populated\">\n\t\t\t\t\t\t<div class=\"elementor-element elementor-element-4ae9b625 elementor-widget elementor-widget-image\" data-id=\"4ae9b625\" data-element_type=\"widget\" data-e-type=\"widget\" data-widget_type=\"image.default\">\n\t\t\t\t<div class=\"elementor-widget-container\">\n\t\t\t\t\t\t\t\t\t\t\t\t\t\t\t\t<a href=\"https:\/\/alejandroruiz.mx\/\" target=\"_blank\">\n\t\t\t\t\t\t\t<img loading=\"lazy\" decoding=\"async\" width=\"245\" height=\"39\" src=\"https:\/\/casaoaxacareforma.com\/wp-content\/uploads\/2022\/11\/Logo_AlejandroRuiz.png\" class=\"attachment-full size-full wp-image-178\" alt=\"\" \/>\t\t\t\t\t\t\t\t<\/a>\n\t\t\t\t\t\t\t\t\t\t\t\t\t\t\t<\/div>\n\t\t\t\t<\/div>\n\t\t\t\t\t<\/div>\n\t\t<\/div>\n\t\t\t\t\t<\/div>\n\t\t<\/section>\n\t\t\t\t<\/div>","protected":false},"excerpt":{"rendered":"<p>\u00danete a nuestro gran equipo y trabaja con nosotros Constantemente estamos en b\u00fasqueda del mejor talento para nuestros restaurantes. Env\u00eda tu CV a nuestro departamento de recursos humanos: rh@casaoaxaca.com.mx o cont\u00e1ctanos llamando al tel\u00e9fono: +52 (951) 638 5514<\/p>","protected":false},"author":1,"featured_media":0,"parent":0,"menu_order":0,"comment_status":"closed","ping_status":"closed","template":"elementor_header_footer","meta":{"footnotes":""},"class_list":["post-184","page","type-page","status-publish","hentry"],"yoast_head":"<!-- This site is optimized with the Yoast SEO plugin v27.1.1 - https:\/\/yoast.com\/product\/yoast-seo-wordpress\/ -->\n<title>Trabaja con nosotros - Casa Oaxaca Reforma<\/title>\n<meta name=\"robots\" content=\"index, follow, max-snippet:-1, max-image-preview:large, max-video-preview:-1\" \/>\n<link rel=\"canonical\" href=\"https:\/\/casaoaxacareforma.com\/en\/trabaja-con-nosotros\/\" \/>\n<meta property=\"og:locale\" content=\"en_US\" \/>\n<meta property=\"og:type\" content=\"article\" \/>\n<meta property=\"og:title\" content=\"Trabaja con nosotros - Casa Oaxaca Reforma\" \/>\n<meta property=\"og:description\" content=\"\u00danete a nuestro gran equipo y trabaja con nosotros Constantemente estamos en b\u00fasqueda del mejor talento para nuestros restaurantes. Env\u00eda tu CV a nuestro departamento de recursos humanos: rh@casaoaxaca.com.mx o cont\u00e1ctanos llamando al tel\u00e9fono: +52 (951) 638 5514\" \/>\n<meta property=\"og:url\" content=\"https:\/\/casaoaxacareforma.com\/en\/trabaja-con-nosotros\/\" \/>\n<meta property=\"og:site_name\" content=\"Casa Oaxaca Reforma\" \/>\n<meta property=\"article:publisher\" content=\"https:\/\/www.facebook.com\/casaoaxacareforma\" \/>\n<meta property=\"article:modified_time\" content=\"2022-11-29T18:36:02+00:00\" \/>\n<meta property=\"og:image\" content=\"https:\/\/casaoaxacareforma.com\/wp-content\/uploads\/2022\/11\/LogoW_CasaOaxacaReforma.png\" \/>\n<meta name=\"twitter:card\" content=\"summary_large_image\" \/>\n<meta name=\"twitter:label1\" content=\"Est. reading time\" \/>\n\t<meta name=\"twitter:data1\" content=\"3 minutes\" \/>\n<script type=\"application\/ld+json\" class=\"yoast-schema-graph\">{\"@context\":\"https:\/\/schema.org\",\"@graph\":[{\"@type\":\"WebPage\",\"@id\":\"https:\/\/casaoaxacareforma.com\/trabaja-con-nosotros\/\",\"url\":\"https:\/\/casaoaxacareforma.com\/trabaja-con-nosotros\/\",\"name\":\"Trabaja con nosotros - Casa Oaxaca Reforma\",\"isPartOf\":{\"@id\":\"https:\/\/casaoaxacareforma.com\/#website\"},\"primaryImageOfPage\":{\"@id\":\"https:\/\/casaoaxacareforma.com\/trabaja-con-nosotros\/#primaryimage\"},\"image\":{\"@id\":\"https:\/\/casaoaxacareforma.com\/trabaja-con-nosotros\/#primaryimage\"},\"thumbnailUrl\":\"https:\/\/casaoaxacareforma.com\/wp-content\/uploads\/2022\/11\/LogoW_CasaOaxacaReforma.png\",\"datePublished\":\"2022-11-29T18:15:39+00:00\",\"dateModified\":\"2022-11-29T18:36:02+00:00\",\"breadcrumb\":{\"@id\":\"https:\/\/casaoaxacareforma.com\/trabaja-con-nosotros\/#breadcrumb\"},\"inLanguage\":\"en-US\",\"potentialAction\":[{\"@type\":\"ReadAction\",\"target\":[\"https:\/\/casaoaxacareforma.com\/trabaja-con-nosotros\/\"]}]},{\"@type\":\"ImageObject\",\"inLanguage\":\"en-US\",\"@id\":\"https:\/\/casaoaxacareforma.com\/trabaja-con-nosotros\/#primaryimage\",\"url\":\"https:\/\/casaoaxacareforma.com\/wp-content\/uploads\/2022\/11\/LogoW_CasaOaxacaReforma.png\",\"contentUrl\":\"https:\/\/casaoaxacareforma.com\/wp-content\/uploads\/2022\/11\/LogoW_CasaOaxacaReforma.png\"},{\"@type\":\"BreadcrumbList\",\"@id\":\"https:\/\/casaoaxacareforma.com\/trabaja-con-nosotros\/#breadcrumb\",\"itemListElement\":[{\"@type\":\"ListItem\",\"position\":1,\"name\":\"Portada\",\"item\":\"https:\/\/casaoaxacareforma.com\/\"},{\"@type\":\"ListItem\",\"position\":2,\"name\":\"Trabaja con nosotros\"}]},{\"@type\":\"WebSite\",\"@id\":\"https:\/\/casaoaxacareforma.com\/#website\",\"url\":\"https:\/\/casaoaxacareforma.com\/\",\"name\":\"Casa Oaxaca Reforma\",\"description\":\"Aut\u00e9ntica cocina tradicional oaxaque\u00f1a. Chef Alejandro Ruiz\",\"publisher\":{\"@id\":\"https:\/\/casaoaxacareforma.com\/#organization\"},\"potentialAction\":[{\"@type\":\"SearchAction\",\"target\":{\"@type\":\"EntryPoint\",\"urlTemplate\":\"https:\/\/casaoaxacareforma.com\/?s={search_term_string}\"},\"query-input\":{\"@type\":\"PropertyValueSpecification\",\"valueRequired\":true,\"valueName\":\"search_term_string\"}}],\"inLanguage\":\"en-US\"},{\"@type\":\"Organization\",\"@id\":\"https:\/\/casaoaxacareforma.com\/#organization\",\"name\":\"Casa Oaxaca Reforma\",\"url\":\"https:\/\/casaoaxacareforma.com\/\",\"logo\":{\"@type\":\"ImageObject\",\"inLanguage\":\"en-US\",\"@id\":\"https:\/\/casaoaxacareforma.com\/#\/schema\/logo\/image\/\",\"url\":\"https:\/\/casaoaxacareforma.com\/wp-content\/uploads\/2021\/08\/LogoFirma_CasaOaxacaReforma.png\",\"contentUrl\":\"https:\/\/casaoaxacareforma.com\/wp-content\/uploads\/2021\/08\/LogoFirma_CasaOaxacaReforma.png\",\"width\":384,\"height\":174,\"caption\":\"Casa Oaxaca Reforma\"},\"image\":{\"@id\":\"https:\/\/casaoaxacareforma.com\/#\/schema\/logo\/image\/\"},\"sameAs\":[\"https:\/\/www.facebook.com\/casaoaxacareforma\",\"https:\/\/www.instagram.com\/casaoaxacareforma\/\"]}]}<\/script>\n<!-- \/ Yoast SEO plugin. -->","yoast_head_json":{"title":"Trabaja con nosotros - Casa Oaxaca Reforma","robots":{"index":"index","follow":"follow","max-snippet":"max-snippet:-1","max-image-preview":"max-image-preview:large","max-video-preview":"max-video-preview:-1"},"canonical":"https:\/\/casaoaxacareforma.com\/en\/trabaja-con-nosotros\/","og_locale":"en_US","og_type":"article","og_title":"Trabaja con nosotros - Casa Oaxaca Reforma","og_description":"\u00danete a nuestro gran equipo y trabaja con nosotros Constantemente estamos en b\u00fasqueda del mejor talento para nuestros restaurantes. Env\u00eda tu CV a nuestro departamento de recursos humanos: rh@casaoaxaca.com.mx o cont\u00e1ctanos llamando al tel\u00e9fono: +52 (951) 638 5514","og_url":"https:\/\/casaoaxacareforma.com\/en\/trabaja-con-nosotros\/","og_site_name":"Casa Oaxaca Reforma","article_publisher":"https:\/\/www.facebook.com\/casaoaxacareforma","article_modified_time":"2022-11-29T18:36:02+00:00","og_image":[{"url":"https:\/\/casaoaxacareforma.com\/wp-content\/uploads\/2022\/11\/LogoW_CasaOaxacaReforma.png","type":"","width":"","height":""}],"twitter_card":"summary_large_image","twitter_misc":{"Est. reading time":"3 minutes"},"schema":{"@context":"https:\/\/schema.org","@graph":[{"@type":"WebPage","@id":"https:\/\/casaoaxacareforma.com\/trabaja-con-nosotros\/","url":"https:\/\/casaoaxacareforma.com\/trabaja-con-nosotros\/","name":"Trabaja con nosotros - Casa Oaxaca Reforma","isPartOf":{"@id":"https:\/\/casaoaxacareforma.com\/#website"},"primaryImageOfPage":{"@id":"https:\/\/casaoaxacareforma.com\/trabaja-con-nosotros\/#primaryimage"},"image":{"@id":"https:\/\/casaoaxacareforma.com\/trabaja-con-nosotros\/#primaryimage"},"thumbnailUrl":"https:\/\/casaoaxacareforma.com\/wp-content\/uploads\/2022\/11\/LogoW_CasaOaxacaReforma.png","datePublished":"2022-11-29T18:15:39+00:00","dateModified":"2022-11-29T18:36:02+00:00","breadcrumb":{"@id":"https:\/\/casaoaxacareforma.com\/trabaja-con-nosotros\/#breadcrumb"},"inLanguage":"en-US","potentialAction":[{"@type":"ReadAction","target":["https:\/\/casaoaxacareforma.com\/trabaja-con-nosotros\/"]}]},{"@type":"ImageObject","inLanguage":"en-US","@id":"https:\/\/casaoaxacareforma.com\/trabaja-con-nosotros\/#primaryimage","url":"https:\/\/casaoaxacareforma.com\/wp-content\/uploads\/2022\/11\/LogoW_CasaOaxacaReforma.png","contentUrl":"https:\/\/casaoaxacareforma.com\/wp-content\/uploads\/2022\/11\/LogoW_CasaOaxacaReforma.png"},{"@type":"BreadcrumbList","@id":"https:\/\/casaoaxacareforma.com\/trabaja-con-nosotros\/#breadcrumb","itemListElement":[{"@type":"ListItem","position":1,"name":"Portada","item":"https:\/\/casaoaxacareforma.com\/"},{"@type":"ListItem","position":2,"name":"Trabaja con nosotros"}]},{"@type":"WebSite","@id":"https:\/\/casaoaxacareforma.com\/#website","url":"https:\/\/casaoaxacareforma.com\/","name":"Casa Oaxaca Reforma","description":"Aut\u00e9ntica cocina tradicional oaxaque\u00f1a. Chef Alejandro Ruiz","publisher":{"@id":"https:\/\/casaoaxacareforma.com\/#organization"},"potentialAction":[{"@type":"SearchAction","target":{"@type":"EntryPoint","urlTemplate":"https:\/\/casaoaxacareforma.com\/?s={search_term_string}"},"query-input":{"@type":"PropertyValueSpecification","valueRequired":true,"valueName":"search_term_string"}}],"inLanguage":"en-US"},{"@type":"Organization","@id":"https:\/\/casaoaxacareforma.com\/#organization","name":"Casa Oaxaca Reforma","url":"https:\/\/casaoaxacareforma.com\/","logo":{"@type":"ImageObject","inLanguage":"en-US","@id":"https:\/\/casaoaxacareforma.com\/#\/schema\/logo\/image\/","url":"https:\/\/casaoaxacareforma.com\/wp-content\/uploads\/2021\/08\/LogoFirma_CasaOaxacaReforma.png","contentUrl":"https:\/\/casaoaxacareforma.com\/wp-content\/uploads\/2021\/08\/LogoFirma_CasaOaxacaReforma.png","width":384,"height":174,"caption":"Casa Oaxaca Reforma"},"image":{"@id":"https:\/\/casaoaxacareforma.com\/#\/schema\/logo\/image\/"},"sameAs":["https:\/\/www.facebook.com\/casaoaxacareforma","https:\/\/www.instagram.com\/casaoaxacareforma\/"]}]}},"_links":{"self":[{"href":"https:\/\/casaoaxacareforma.com\/en\/wp-json\/wp\/v2\/pages\/184","targetHints":{"allow":["GET"]}}],"collection":[{"href":"https:\/\/casaoaxacareforma.com\/en\/wp-json\/wp\/v2\/pages"}],"about":[{"href":"https:\/\/casaoaxacareforma.com\/en\/wp-json\/wp\/v2\/types\/page"}],"author":[{"embeddable":true,"href":"https:\/\/casaoaxacareforma.com\/en\/wp-json\/wp\/v2\/users\/1"}],"replies":[{"embeddable":true,"href":"https:\/\/casaoaxacareforma.com\/en\/wp-json\/wp\/v2\/comments?post=184"}],"version-history":[{"count":6,"href":"https:\/\/casaoaxacareforma.com\/en\/wp-json\/wp\/v2\/pages\/184\/revisions"}],"predecessor-version":[{"id":268,"href":"https:\/\/casaoaxacareforma.com\/en\/wp-json\/wp\/v2\/pages\/184\/revisions\/268"}],"wp:attachment":[{"href":"https:\/\/casaoaxacareforma.com\/en\/wp-json\/wp\/v2\/media?parent=184"}],"curies":[{"name":"wp","href":"https:\/\/api.w.org\/{rel}","templated":true}]}}